{"id":226,"date":"2026-03-17T15:36:04","date_gmt":"2026-03-17T13:36:04","guid":{"rendered":"https:\/\/inellib2b.com\/?post_type=product&#038;p=226"},"modified":"2026-04-17T10:16:55","modified_gmt":"2026-04-17T07:16:55","slug":"waterproof-mattress-cover-maria-pu-quilted-elastic","status":"publish","type":"product","link":"https:\/\/inellib2b.com\/fi\/tuote\/waterproof-mattress-cover-maria-pu-quilted-elastic\/","title":{"rendered":"Vedenpit\u00e4v\u00e4 patjansuoja MARIA PU\/tikattu (joustava)"},"content":{"rendered":"<h2>Vedenpit\u00e4v\u00e4 patjansuoja MARIA PU\/tikattu (joustava)<\/h2>\n<p>Vedenpit\u00e4v\u00e4 tikattu patjansuoja on v\u00e4ltt\u00e4m\u00e4t\u00f6n suoja kaikille patjoille. Inellin vedenpit\u00e4v\u00e4t ja hengitt\u00e4v\u00e4t patjansuojat suojaavat patjaa hielt\u00e4, tahroilta, kosteudelta, nesteilt\u00e4 ja muilta likaantumisilta pit\u00e4en patjan t\u00e4ysin kuivana.<\/p>\n<p>Vedenpit\u00e4vi\u00e4 patjansuojia k\u00e4ytet\u00e4\u00e4n laajalti vuokra-asunnoissa, hoivakodeissa, sairaaloissa ja hotelleissa.<\/p>\n<h3>Miksi valita Inellin vedenpit\u00e4v\u00e4 patjansuoja?<\/h3>\n<ul>\n<li>Tarjoaa t\u00e4ydellisen suojan nesteit\u00e4 vastaan ja pit\u00e4\u00e4 patjan hygieenisen\u00e4<\/li>\n<li>Pit\u00e4\u00e4 varsinaisen patjan puhtaana<\/li>\n<li>Tehokas suoja p\u00f6lypunkkeja, hike\u00e4 ja muita kehon nesteit\u00e4 vastaan<\/li>\n<li>Pident\u00e4\u00e4 merkitt\u00e4v\u00e4sti patjan k\u00e4ytt\u00f6ik\u00e4\u00e4<\/li>\n<li>P\u00e4\u00e4llikerros: 80 % puuvillaa, 20 % polyesteri\u00e4<\/li>\n<\/ul>\n<h3>Kuinka hoitaa patjansuojaa?<\/h3>\n<p>Konepest\u00e4v\u00e4 jopa 60 \u00b0C:ssa. Pesun j\u00e4lkeen kuivaa huolellisesti \u2014 mielell\u00e4\u00e4n ilmakuivaa tai rumpukuivaa matalassa l\u00e4mp\u00f6tilassa.<\/p>","protected":false},"excerpt":{"rendered":"<ul>\n<li>Vedenpit\u00e4v\u00e4 patjansuoja MARIA\/PU tikatulla p\u00e4\u00e4llikerroksella<\/li>\n<li>P\u00e4\u00e4llikerros: 80 % puuvillaa, 20 % polyesteri\u00e4<\/li>\n<li>Alakerros: hengitt\u00e4v\u00e4 PU<\/li>\n<li>Konepest\u00e4v\u00e4 jopa 60 \u00b0C<\/li>\n<li>4-kulmainen kuminauhakiinnitys<\/li>\n<li>Kevyt ja ohut, helppo pest\u00e4 ja kuivattaa<\/li>\n<li>K\u00e4ytt\u00f6ik\u00e4 jopa 100 pesukertaa<\/li>\n<\/ul>","protected":false},"featured_media":89,"comment_status":"closed","ping_status":"closed","template":"","meta":{"_acf_changed":false},"product_brand":[],"product_cat":[69],"product_tag":[],"class_list":{"0":"post-226","1":"product","2":"type-product","3":"status-publish","4":"has-post-thumbnail","6":"product_cat-mattress-protectors","8":"first","9":"instock","10":"taxable","11":"shipping-taxable","12":"product-type-variable"},"acf":[],"_links":{"self":[{"href":"https:\/\/inellib2b.com\/fi\/wp-json\/wp\/v2\/product\/226","targetHints":{"allow":["GET"]}}],"collection":[{"href":"https:\/\/inellib2b.com\/fi\/wp-json\/wp\/v2\/product"}],"about":[{"href":"https:\/\/inellib2b.com\/fi\/wp-json\/wp\/v2\/types\/product"}],"replies":[{"embeddable":true,"href":"https:\/\/inellib2b.com\/fi\/wp-json\/wp\/v2\/comments?post=226"}],"wp:featuredmedia":[{"embeddable":true,"href":"https:\/\/inellib2b.com\/fi\/wp-json\/wp\/v2\/media\/89"}],"wp:attachment":[{"href":"https:\/\/inellib2b.com\/fi\/wp-json\/wp\/v2\/media?parent=226"}],"wp:term":[{"taxonomy":"product_brand","embeddable":true,"href":"https:\/\/inellib2b.com\/fi\/wp-json\/wp\/v2\/product_brand?post=226"},{"taxonomy":"product_cat","embeddable":true,"href":"https:\/\/inellib2b.com\/fi\/wp-json\/wp\/v2\/product_cat?post=226"},{"taxonomy":"product_tag","embeddable":true,"href":"https:\/\/inellib2b.com\/fi\/wp-json\/wp\/v2\/product_tag?post=226"}],"curies":[{"name":"wp","href":"https:\/\/api.w.org\/{rel}","templated":true}]}}