{"id":229,"date":"2026-03-17T15:36:04","date_gmt":"2026-03-17T13:36:04","guid":{"rendered":"https:\/\/inellib2b.com\/?post_type=product&#038;p=229"},"modified":"2026-04-08T12:43:44","modified_gmt":"2026-04-08T09:43:44","slug":"waterproof-mattress-cover-siiri-pu-terry-skirt","status":"publish","type":"product","link":"https:\/\/inellib2b.com\/fi\/tuote\/waterproof-mattress-cover-siiri-pu-terry-skirt\/","title":{"rendered":"Vedenpit\u00e4v\u00e4 patjansuoja SIIRI PU\/frotee (helmalla)"},"content":{"rendered":"<h2>Vedenpit\u00e4v\u00e4 patjansuoja SIIRI PU\/frotee (helmalla)<\/h2>\n<p>Vedenpit\u00e4v\u00e4 frotee-patjansuoja helmalla yhdist\u00e4\u00e4 frotee-kankaan pehmeyden luotettavaan vedenpit\u00e4v\u00e4\u00e4n suojaan. Helmamalli pit\u00e4\u00e4 suojan tukevasti paikoillaan.<\/p>\n<h3>T\u00e4rkeimm\u00e4t edut<\/h3>\n<ul>\n<li>Pehme\u00e4 frotee-yl\u00e4kerros<\/li>\n<li>Tukeva helmakiinnitys<\/li>\n<li>Hengitt\u00e4v\u00e4 PU-vedenpit\u00e4v\u00e4 alusta<\/li>\n<li>Allergiavapaa<\/li>\n<li>Konepest\u00e4v\u00e4 helppohoitoinen<\/li>\n<\/ul>","protected":false},"excerpt":{"rendered":"<ul>\n<li>Froteinen yl\u00e4kerros<\/li>\n<li>Alakerros: hengitt\u00e4v\u00e4 PU-kalvo<\/li>\n<li>Helmakiinnitys tukevaan asentoon<\/li>\n<li>Konepest\u00e4v\u00e4 jopa 60 \u00b0C<\/li>\n<li>Allergiavapaa<\/li>\n<\/ul>","protected":false},"featured_media":95,"comment_status":"closed","ping_status":"closed","template":"","meta":{"_acf_changed":false},"product_brand":[],"product_cat":[69],"product_tag":[],"class_list":{"0":"post-229","1":"product","2":"type-product","3":"status-publish","4":"has-post-thumbnail","6":"product_cat-mattress-protectors","8":"first","9":"instock","10":"taxable","11":"shipping-taxable","12":"product-type-variable"},"acf":[],"_links":{"self":[{"href":"https:\/\/inellib2b.com\/fi\/wp-json\/wp\/v2\/product\/229","targetHints":{"allow":["GET"]}}],"collection":[{"href":"https:\/\/inellib2b.com\/fi\/wp-json\/wp\/v2\/product"}],"about":[{"href":"https:\/\/inellib2b.com\/fi\/wp-json\/wp\/v2\/types\/product"}],"replies":[{"embeddable":true,"href":"https:\/\/inellib2b.com\/fi\/wp-json\/wp\/v2\/comments?post=229"}],"wp:featuredmedia":[{"embeddable":true,"href":"https:\/\/inellib2b.com\/fi\/wp-json\/wp\/v2\/media\/95"}],"wp:attachment":[{"href":"https:\/\/inellib2b.com\/fi\/wp-json\/wp\/v2\/media?parent=229"}],"wp:term":[{"taxonomy":"product_brand","embeddable":true,"href":"https:\/\/inellib2b.com\/fi\/wp-json\/wp\/v2\/product_brand?post=229"},{"taxonomy":"product_cat","embeddable":true,"href":"https:\/\/inellib2b.com\/fi\/wp-json\/wp\/v2\/product_cat?post=229"},{"taxonomy":"product_tag","embeddable":true,"href":"https:\/\/inellib2b.com\/fi\/wp-json\/wp\/v2\/product_tag?post=229"}],"curies":[{"name":"wp","href":"https:\/\/api.w.org\/{rel}","templated":true}]}}