{"id":230,"date":"2026-03-17T15:36:04","date_gmt":"2026-03-17T13:36:04","guid":{"rendered":"https:\/\/inellib2b.com\/?post_type=product&#038;p=230"},"modified":"2026-04-14T16:22:16","modified_gmt":"2026-04-14T13:22:16","slug":"waterproof-fitted-sheet-2-in-1","status":"publish","type":"product","link":"https:\/\/inellib2b.com\/fi\/tuote\/waterproof-fitted-sheet-2-in-1\/","title":{"rendered":"Vedenpit\u00e4v\u00e4 Tencel-lakana 90\u00d7200 cm, 30 cm lis\u00e4helmalla"},"content":{"rendered":"<p>Vedenpit\u00e4v\u00e4 pest\u00e4v\u00e4 lakana\/patjansuoja tencelist\u00e4 2 yhdess\u00e4.  <\/p>\n<ul>\n<li>TENCEL \u2014 luonnon selluloosakuitu<\/li>\n<li>Sopii allergikoille ja herkk\u00e4ihoisille asiakkaille<\/li>\n<li>L\u00e4mm\u00f6ns\u00e4\u00e4telev\u00e4 viilent\u00e4v\u00e4 vaikutus, yll\u00e4pit\u00e4\u00e4 kehon luonnollisen l\u00e4mp\u00f6tilan.<\/li>\n<li>Tumma ruskea v\u00e4ri ei n\u00e4yt\u00e4 tahroja<\/li>\n<\/ul>","protected":false},"excerpt":{"rendered":"<p>Waterproof washable bed sheet\/mattress cover tencel 2 in 1. TENCEL &#8211; natural csessulose fibre Suitable for allergy sufferers and customers with sensitive skin Thermoregulatory cooling effect, maintains the body&#8217;s natural temperature. Dark brown colour does not show up stains<\/p>","protected":false},"featured_media":97,"comment_status":"closed","ping_status":"closed","template":"","meta":{"_acf_changed":false},"product_brand":[],"product_cat":[69],"product_tag":[],"class_list":{"0":"post-230","1":"product","2":"type-product","3":"status-publish","4":"has-post-thumbnail","6":"product_cat-mattress-protectors","8":"first","9":"instock","10":"taxable","11":"shipping-taxable","12":"product-type-simple"},"acf":[],"_links":{"self":[{"href":"https:\/\/inellib2b.com\/fi\/wp-json\/wp\/v2\/product\/230","targetHints":{"allow":["GET"]}}],"collection":[{"href":"https:\/\/inellib2b.com\/fi\/wp-json\/wp\/v2\/product"}],"about":[{"href":"https:\/\/inellib2b.com\/fi\/wp-json\/wp\/v2\/types\/product"}],"replies":[{"embeddable":true,"href":"https:\/\/inellib2b.com\/fi\/wp-json\/wp\/v2\/comments?post=230"}],"wp:featuredmedia":[{"embeddable":true,"href":"https:\/\/inellib2b.com\/fi\/wp-json\/wp\/v2\/media\/97"}],"wp:attachment":[{"href":"https:\/\/inellib2b.com\/fi\/wp-json\/wp\/v2\/media?parent=230"}],"wp:term":[{"taxonomy":"product_brand","embeddable":true,"href":"https:\/\/inellib2b.com\/fi\/wp-json\/wp\/v2\/product_brand?post=230"},{"taxonomy":"product_cat","embeddable":true,"href":"https:\/\/inellib2b.com\/fi\/wp-json\/wp\/v2\/product_cat?post=230"},{"taxonomy":"product_tag","embeddable":true,"href":"https:\/\/inellib2b.com\/fi\/wp-json\/wp\/v2\/product_tag?post=230"}],"curies":[{"name":"wp","href":"https:\/\/api.w.org\/{rel}","templated":true}]}}