{"id":232,"date":"2026-03-17T15:36:04","date_gmt":"2026-03-17T13:36:04","guid":{"rendered":"https:\/\/inellib2b.com\/?post_type=product&#038;p=232"},"modified":"2026-04-14T16:22:16","modified_gmt":"2026-04-14T13:22:16","slug":"pillow-protector-50x60-cm","status":"publish","type":"product","link":"https:\/\/inellib2b.com\/fi\/tuote\/pillow-protector-50x60-cm\/","title":{"rendered":"PU-tyynynsuoja 50x60 cm"},"content":{"rendered":"<p>Vedenpit\u00e4v\u00e4 tyynynsuoja 50\u00d760 cm  <\/p>\n<ul>\n<li>Suojaa patjaa kosteudelta ja tahroilta<\/li>\n<li>Allergiavapaa<\/li>\n<li>Pesu enint\u00e4\u00e4n 60 \u00b0C<\/li>\n<li>materiaali on vanulla pehmustettu<\/li>\n<li>helppo puhdistaa liinalla<\/li>\n<li>ei tarvitse pest\u00e4 patjoja k\u00e4ytett\u00e4ess\u00e4<\/li>\n<\/ul>","protected":false},"excerpt":{"rendered":"<p>Waterproof cushion cover 50&#215;60 cm Protects the mattress from moisture and staining Anti-allergic Wash at 60\u00baC maximum the material is padded easy to clean with a cloth no need to wash mattresses when using<\/p>","protected":false},"featured_media":100,"comment_status":"closed","ping_status":"closed","template":"","meta":{"_acf_changed":false},"product_brand":[],"product_cat":[28],"product_tag":[],"class_list":{"0":"post-232","1":"product","2":"type-product","3":"status-publish","4":"has-post-thumbnail","6":"product_cat-pillow-protectors","8":"first","9":"instock","10":"taxable","11":"shipping-taxable","12":"product-type-simple"},"acf":[],"_links":{"self":[{"href":"https:\/\/inellib2b.com\/fi\/wp-json\/wp\/v2\/product\/232","targetHints":{"allow":["GET"]}}],"collection":[{"href":"https:\/\/inellib2b.com\/fi\/wp-json\/wp\/v2\/product"}],"about":[{"href":"https:\/\/inellib2b.com\/fi\/wp-json\/wp\/v2\/types\/product"}],"replies":[{"embeddable":true,"href":"https:\/\/inellib2b.com\/fi\/wp-json\/wp\/v2\/comments?post=232"}],"wp:featuredmedia":[{"embeddable":true,"href":"https:\/\/inellib2b.com\/fi\/wp-json\/wp\/v2\/media\/100"}],"wp:attachment":[{"href":"https:\/\/inellib2b.com\/fi\/wp-json\/wp\/v2\/media?parent=232"}],"wp:term":[{"taxonomy":"product_brand","embeddable":true,"href":"https:\/\/inellib2b.com\/fi\/wp-json\/wp\/v2\/product_brand?post=232"},{"taxonomy":"product_cat","embeddable":true,"href":"https:\/\/inellib2b.com\/fi\/wp-json\/wp\/v2\/product_cat?post=232"},{"taxonomy":"product_tag","embeddable":true,"href":"https:\/\/inellib2b.com\/fi\/wp-json\/wp\/v2\/product_tag?post=232"}],"curies":[{"name":"wp","href":"https:\/\/api.w.org\/{rel}","templated":true}]}}