{"id":233,"date":"2026-03-17T15:36:04","date_gmt":"2026-03-17T13:36:04","guid":{"rendered":"https:\/\/inellib2b.com\/?post_type=product&#038;p=233"},"modified":"2026-04-14T16:22:16","modified_gmt":"2026-04-14T13:22:16","slug":"high-absorbency-5-layer-bed-pad-90x115-cm","status":"publish","type":"product","link":"https:\/\/inellib2b.com\/fi\/tuote\/high-absorbency-5-layer-bed-pad-90x115-cm\/","title":{"rendered":"5-kerroksinen inkontinenssisuoja 90x115 cm"},"content":{"rendered":"<p data-swp-font-size=\"15px\">Uudentyyppinen pest\u00e4v\u00e4 imev\u00e4 aluslakana viidell\u00e4 patentoidulla kerroksella. Tekniset yl\u00e4kerrokset siirt\u00e4v\u00e4t nesteen nopeasti alakerroksiin ja tuote kuivuu minuuteissa suojaten sek\u00e4 henkil\u00f6\u00e4 ett\u00e4 patjaa.<br \/>\nSopii koti- ja sairaalak\u00e4ytt\u00f6\u00f6n korkeammalle inkontinenssille. <\/p>\n<ul>\n<li data-swp-font-size=\"15px\">Pest\u00e4v\u00e4 90 \u00b0C:ssa<\/li>\n<li data-swp-font-size=\"15px\">Eritt\u00e4in korkea imukyky<\/li>\n<li data-swp-font-size=\"15px\">Pitk\u00e4kestoinen, v\u00e4hint\u00e4\u00e4n 200 pesukertaa<\/li>\n<li data-swp-font-size=\"15px\">Antibakteerinen<\/li>\n<li data-swp-font-size=\"15px\">Hygieeninen<\/li>\n<\/ul>","protected":false},"excerpt":{"rendered":"<p>A new type of washable, absorbent liner with 5 patented layers, where the top technical layers quickly transfer liquid to the bottom layers and the product dries in minutes, protecting both the person and the mattress. Suitable for home and medical use for higher incontinence. Washable at 90\u00b0C Very high absorbency Long lasting, at least [&hellip;]<\/p>\n","protected":false},"featured_media":102,"comment_status":"closed","ping_status":"closed","template":"","meta":{"_acf_changed":false},"product_brand":[],"product_cat":[71],"product_tag":[],"class_list":{"0":"post-233","1":"product","2":"type-product","3":"status-publish","4":"has-post-thumbnail","6":"product_cat-incontinence-bed-pads","8":"first","9":"instock","10":"taxable","11":"shipping-taxable","12":"product-type-simple"},"acf":[],"_links":{"self":[{"href":"https:\/\/inellib2b.com\/fi\/wp-json\/wp\/v2\/product\/233","targetHints":{"allow":["GET"]}}],"collection":[{"href":"https:\/\/inellib2b.com\/fi\/wp-json\/wp\/v2\/product"}],"about":[{"href":"https:\/\/inellib2b.com\/fi\/wp-json\/wp\/v2\/types\/product"}],"replies":[{"embeddable":true,"href":"https:\/\/inellib2b.com\/fi\/wp-json\/wp\/v2\/comments?post=233"}],"wp:featuredmedia":[{"embeddable":true,"href":"https:\/\/inellib2b.com\/fi\/wp-json\/wp\/v2\/media\/102"}],"wp:attachment":[{"href":"https:\/\/inellib2b.com\/fi\/wp-json\/wp\/v2\/media?parent=233"}],"wp:term":[{"taxonomy":"product_brand","embeddable":true,"href":"https:\/\/inellib2b.com\/fi\/wp-json\/wp\/v2\/product_brand?post=233"},{"taxonomy":"product_cat","embeddable":true,"href":"https:\/\/inellib2b.com\/fi\/wp-json\/wp\/v2\/product_cat?post=233"},{"taxonomy":"product_tag","embeddable":true,"href":"https:\/\/inellib2b.com\/fi\/wp-json\/wp\/v2\/product_tag?post=233"}],"curies":[{"name":"wp","href":"https:\/\/api.w.org\/{rel}","templated":true}]}}