{"id":234,"date":"2026-03-17T15:36:04","date_gmt":"2026-03-17T13:36:04","guid":{"rendered":"https:\/\/inellib2b.com\/?post_type=product&#038;p=234"},"modified":"2026-04-06T10:04:28","modified_gmt":"2026-04-06T07:04:28","slug":"waterproof-terry-bed-pad-90x115-cm-with-wings","status":"publish","type":"product","link":"https:\/\/inellib2b.com\/fi\/tuote\/waterproof-terry-bed-pad-90x115-cm-with-wings\/","title":{"rendered":"Vedenpit\u00e4v\u00e4 hengitt\u00e4v\u00e4 froteeinen inkontinenssisuoja 90\u00d7115 + siivekkeet"},"content":{"rendered":"<p data-swp-font-size=\"15px\">Suojaa patjaa lialta ja kosteudelta.<\/p>\n<ul>\n<li data-swp-font-size=\"15px\">Vedenpit\u00e4v\u00e4<\/li>\n<li data-swp-font-size=\"15px\">Antibakteerinen<\/li>\n<li data-swp-font-size=\"15px\">Pysyy hyvin paikoillaan siivekkeiden ansiosta<\/li>\n<li data-swp-font-size=\"15px\">80 % puuvillaa \/ 20 % polyesteri\u00e4<\/li>\n<li data-swp-font-size=\"15px\">Pest\u00e4v\u00e4 95 \u00b0C<\/li>\n<li data-swp-font-size=\"15px\">Ei saa valkaista eik\u00e4 silitt\u00e4\u00e4<\/li>\n<\/ul>","protected":false},"excerpt":{"rendered":"<p>Protects the mattress from dirt and moisture. Waterproof Antibacterial Stands well with wings in place 80% cotton\/20% polyester Pest resistant 95\u00baC Do not bleach or iron<\/p>","protected":false},"featured_media":104,"comment_status":"closed","ping_status":"closed","template":"","meta":{"_acf_changed":false},"product_brand":[],"product_cat":[71],"product_tag":[],"class_list":{"0":"post-234","1":"product","2":"type-product","3":"status-publish","4":"has-post-thumbnail","6":"product_cat-incontinence-bed-pads","8":"first","9":"instock","10":"taxable","11":"shipping-taxable","12":"product-type-simple"},"acf":[],"_links":{"self":[{"href":"https:\/\/inellib2b.com\/fi\/wp-json\/wp\/v2\/product\/234","targetHints":{"allow":["GET"]}}],"collection":[{"href":"https:\/\/inellib2b.com\/fi\/wp-json\/wp\/v2\/product"}],"about":[{"href":"https:\/\/inellib2b.com\/fi\/wp-json\/wp\/v2\/types\/product"}],"replies":[{"embeddable":true,"href":"https:\/\/inellib2b.com\/fi\/wp-json\/wp\/v2\/comments?post=234"}],"wp:featuredmedia":[{"embeddable":true,"href":"https:\/\/inellib2b.com\/fi\/wp-json\/wp\/v2\/media\/104"}],"wp:attachment":[{"href":"https:\/\/inellib2b.com\/fi\/wp-json\/wp\/v2\/media?parent=234"}],"wp:term":[{"taxonomy":"product_brand","embeddable":true,"href":"https:\/\/inellib2b.com\/fi\/wp-json\/wp\/v2\/product_brand?post=234"},{"taxonomy":"product_cat","embeddable":true,"href":"https:\/\/inellib2b.com\/fi\/wp-json\/wp\/v2\/product_cat?post=234"},{"taxonomy":"product_tag","embeddable":true,"href":"https:\/\/inellib2b.com\/fi\/wp-json\/wp\/v2\/product_tag?post=234"}],"curies":[{"name":"wp","href":"https:\/\/api.w.org\/{rel}","templated":true}]}}