{"id":236,"date":"2026-03-17T15:36:04","date_gmt":"2026-03-17T13:36:04","guid":{"rendered":"https:\/\/inellib2b.com\/?post_type=product&#038;p=236"},"modified":"2026-04-13T12:46:30","modified_gmt":"2026-04-13T09:46:30","slug":"slide-sheet-85x90-cm-with-wings","status":"publish","type":"product","link":"https:\/\/inellib2b.com\/fi\/tuote\/slide-sheet-85x90-cm-with-wings\/","title":{"rendered":"transfer sheet 85x90cm with wings"},"content":{"rendered":"<p>Liukulakana 85\u00d790 cm siivekkeill\u00e4. Pest\u00e4v\u00e4 ja imev\u00e4 liukulakana soljilla ja siivekkeill\u00e4. Alaosa satiinilla.  <\/p>\n<ul>\n<li>Vahvistetut kahvat<\/li>\n<li>Siivekkeet sivuilla<\/li>\n<li>Liukuva alaosa auttaa potilasta k\u00e4\u00e4ntym\u00e4\u00e4n, nostamaan, liikkumaan, istumaan paikalleen<\/li>\n<li>vedenpit\u00e4v\u00e4 ja imev\u00e4 yl\u00e4kerros<\/li>\n<li>Pest\u00e4v\u00e4 60 \u00b0C<\/li>\n<li>\u00c4l\u00e4 k\u00e4yt\u00e4 vedenpehmennysaineita<\/li>\n<li>Kantavuus 260 kg<\/li>\n<\/ul>","protected":false},"excerpt":{"rendered":"<p>Flysheet 85&#215;90 cm with wings Washable and absorbent flysheet with buckles and wings. Bottom part with satin. Reinforced handles Wings on the sides Sliding lower part to help patient turn, lift, move, sit on the seat waterproof and absorbent top layer Washable at 60 degrees Do not use water softeners Carrying capacity 260 kg<\/p>","protected":false},"featured_media":106,"comment_status":"closed","ping_status":"closed","template":"","meta":{"_acf_changed":false},"product_brand":[],"product_cat":[68],"product_tag":[],"class_list":{"0":"post-236","1":"product","2":"type-product","3":"status-publish","4":"has-post-thumbnail","6":"product_cat-slide-sheets","8":"first","9":"instock","10":"taxable","11":"shipping-taxable","12":"product-type-simple"},"acf":[],"_links":{"self":[{"href":"https:\/\/inellib2b.com\/fi\/wp-json\/wp\/v2\/product\/236","targetHints":{"allow":["GET"]}}],"collection":[{"href":"https:\/\/inellib2b.com\/fi\/wp-json\/wp\/v2\/product"}],"about":[{"href":"https:\/\/inellib2b.com\/fi\/wp-json\/wp\/v2\/types\/product"}],"replies":[{"embeddable":true,"href":"https:\/\/inellib2b.com\/fi\/wp-json\/wp\/v2\/comments?post=236"}],"wp:featuredmedia":[{"embeddable":true,"href":"https:\/\/inellib2b.com\/fi\/wp-json\/wp\/v2\/media\/106"}],"wp:attachment":[{"href":"https:\/\/inellib2b.com\/fi\/wp-json\/wp\/v2\/media?parent=236"}],"wp:term":[{"taxonomy":"product_brand","embeddable":true,"href":"https:\/\/inellib2b.com\/fi\/wp-json\/wp\/v2\/product_brand?post=236"},{"taxonomy":"product_cat","embeddable":true,"href":"https:\/\/inellib2b.com\/fi\/wp-json\/wp\/v2\/product_cat?post=236"},{"taxonomy":"product_tag","embeddable":true,"href":"https:\/\/inellib2b.com\/fi\/wp-json\/wp\/v2\/product_tag?post=236"}],"curies":[{"name":"wp","href":"https:\/\/api.w.org\/{rel}","templated":true}]}}