{"id":241,"date":"2026-03-17T15:36:04","date_gmt":"2026-03-17T13:36:04","guid":{"rendered":"https:\/\/inellib2b.com\/?post_type=product&#038;p=241"},"modified":"2026-04-10T19:09:37","modified_gmt":"2026-04-10T16:09:37","slug":"bed-linen-set-white-100-cotton","status":"publish","type":"product","link":"https:\/\/inellib2b.com\/fi\/tuote\/bed-linen-set-white-100-cotton\/","title":{"rendered":"3 osaa lakana setti valkoinen 100% puuvilla"},"content":{"rendered":"<p><span data-sheets-root=\"1\" data-sheets-value=\"{\"1\":2,\"2\":\"haigla hooldekodu voodipesu komplekt, 150x200 tekikott, 50x60 padjap\u00fc\u00fcr, 90x200 kummiga lina, sinised lilled print\"}\" data-sheets-userformat=\"{\"2\":513,\"3\":{\"1\":0},\"12\":0}\">Vuodevaatesetti sis\u00e4lt\u00e4\u00e4<\/span><\/p>\n<ul>\n<li><span data-sheets-root=\"1\" data-sheets-value=\"{\"1\":2,\"2\":\"haigla hooldekodu voodipesu komplekt, 150x200 tekikott, 50x60 padjap\u00fc\u00fcr, 90x200 kummiga lina, sinised lilled print\"}\" data-sheets-userformat=\"{\"2\":513,\"3\":{\"1\":0},\"12\":0}\">150\u00d7200 cm pussilakana<\/span><\/li>\n<li><span data-sheets-root=\"1\" data-sheets-value=\"{\"1\":2,\"2\":\"haigla hooldekodu voodipesu komplekt, 150x200 tekikott, 50x60 padjap\u00fc\u00fcr, 90x200 kummiga lina, sinised lilled print\"}\" data-sheets-userformat=\"{\"2\":513,\"3\":{\"1\":0},\"12\":0}\">50\u00d760 cm tyynynp\u00e4\u00e4llinen<\/span><\/li>\n<li><span data-sheets-root=\"1\" data-sheets-value=\"{\"1\":2,\"2\":\"haigla hooldekodu voodipesu komplekt, 150x200 tekikott, 50x60 padjap\u00fc\u00fcr, 90x200 kummiga lina, sinised lilled print\"}\" data-sheets-userformat=\"{\"2\":513,\"3\":{\"1\":0},\"12\":0}\">90\u00d7200 cm kuminauhalakana<\/span><\/li>\n<li>100 % laadukasta puuvillaa<\/li>\n<li>Pest\u00e4v\u00e4 60 \u00b0C<\/li>\n<li>v\u00e4ri valkoinen<\/li>\n<\/ul>","protected":false},"excerpt":{"rendered":"<p>Bed linen set, including 150&#215;200 cm plastic bag 50&#215;60 cm pillow top 90&#215;200 cm rubberised linen 100% high quality cotton pestav 60 C colour white<\/p>","protected":false},"featured_media":113,"comment_status":"closed","ping_status":"closed","template":"","meta":{"_acf_changed":false},"product_brand":[],"product_cat":[72],"product_tag":[],"class_list":{"0":"post-241","1":"product","2":"type-product","3":"status-publish","4":"has-post-thumbnail","6":"product_cat-bed-linen","8":"first","9":"instock","10":"taxable","11":"shipping-taxable","12":"product-type-simple"},"acf":[],"_links":{"self":[{"href":"https:\/\/inellib2b.com\/fi\/wp-json\/wp\/v2\/product\/241","targetHints":{"allow":["GET"]}}],"collection":[{"href":"https:\/\/inellib2b.com\/fi\/wp-json\/wp\/v2\/product"}],"about":[{"href":"https:\/\/inellib2b.com\/fi\/wp-json\/wp\/v2\/types\/product"}],"replies":[{"embeddable":true,"href":"https:\/\/inellib2b.com\/fi\/wp-json\/wp\/v2\/comments?post=241"}],"wp:featuredmedia":[{"embeddable":true,"href":"https:\/\/inellib2b.com\/fi\/wp-json\/wp\/v2\/media\/113"}],"wp:attachment":[{"href":"https:\/\/inellib2b.com\/fi\/wp-json\/wp\/v2\/media?parent=241"}],"wp:term":[{"taxonomy":"product_brand","embeddable":true,"href":"https:\/\/inellib2b.com\/fi\/wp-json\/wp\/v2\/product_brand?post=241"},{"taxonomy":"product_cat","embeddable":true,"href":"https:\/\/inellib2b.com\/fi\/wp-json\/wp\/v2\/product_cat?post=241"},{"taxonomy":"product_tag","embeddable":true,"href":"https:\/\/inellib2b.com\/fi\/wp-json\/wp\/v2\/product_tag?post=241"}],"curies":[{"name":"wp","href":"https:\/\/api.w.org\/{rel}","templated":true}]}}