{"id":242,"date":"2026-03-17T15:36:04","date_gmt":"2026-03-17T13:36:04","guid":{"rendered":"https:\/\/inellib2b.com\/?post_type=product&#038;p=242"},"modified":"2026-04-16T11:12:40","modified_gmt":"2026-04-16T08:12:40","slug":"waterproof-bed-pad-70x80-cm-girl","status":"publish","type":"product","link":"https:\/\/inellib2b.com\/fi\/tuote\/waterproof-bed-pad-70x80-cm-girl\/","title":{"rendered":"Pest\u00e4v\u00e4 vedenpit\u00e4v\u00e4 vuodetyyny 70x80 cm (tytt\u00f6)"},"content":{"rendered":"<div>\n<p><span data-sheets-root=\"1\" data-sheets-value=\"{\"1\":2,\"2\":\"haigla hooldekodu voodipesu komplekt, 150x200 tekikott, 50x60 padjap\u00fc\u00fcr, 90x200 kummiga lina, sinised lilled print\"}\" data-sheets-userformat=\"{\"2\":513,\"3\":{\"1\":0},\"12\":0}\">Pest\u00e4v\u00e4 vedenpit\u00e4v\u00e4 lakana<\/span><\/p>\n<ul>\n<li><span data-sheets-root=\"1\" data-sheets-value=\"{\"1\":2,\"2\":\"haigla hooldekodu voodipesu komplekt, 150x200 tekikott, 50x60 padjap\u00fc\u00fcr, 90x200 kummiga lina, sinised lilled print\"}\" data-sheets-userformat=\"{\"2\":513,\"3\":{\"1\":0},\"12\":0}\">70\u00d780 cm pest\u00e4v\u00e4 lakana<\/span><\/li>\n<li>monik\u00e4ytt\u00f6inen<\/li>\n<li>allergiavapaalla pinnalla<\/li>\n<li>100 % polyesteri\u00e4<\/li>\n<li>Pest\u00e4v\u00e4 60 \u00b0C<\/li>\n<li>sopii leikkimatoiksi, hierontap\u00f6ydille, s\u00e4ngynsuojiksi<\/li>\n<li>kuvio mansikat ja sitruunat<\/li>\n<\/ul>\n<\/div>\n<div><\/div>\n<p>&nbsp;<\/p>\n<p>&nbsp;<\/p>","protected":false},"excerpt":{"rendered":"<p>Washable water-resistant liner 70&#215;80 cm washable linen multifunctional with anti-allergic surface 100% polyester pestav 60 C suitable for playmats, massage mats, bed covers print strawberries &amp; lemons &nbsp; &nbsp;<\/p>","protected":false},"featured_media":114,"comment_status":"closed","ping_status":"closed","template":"","meta":{"_acf_changed":false},"product_brand":[],"product_cat":[71],"product_tag":[],"class_list":{"0":"post-242","1":"product","2":"type-product","3":"status-publish","4":"has-post-thumbnail","6":"product_cat-incontinence-bed-pads","8":"first","9":"instock","10":"taxable","11":"shipping-taxable","12":"product-type-simple"},"acf":[],"_links":{"self":[{"href":"https:\/\/inellib2b.com\/fi\/wp-json\/wp\/v2\/product\/242","targetHints":{"allow":["GET"]}}],"collection":[{"href":"https:\/\/inellib2b.com\/fi\/wp-json\/wp\/v2\/product"}],"about":[{"href":"https:\/\/inellib2b.com\/fi\/wp-json\/wp\/v2\/types\/product"}],"replies":[{"embeddable":true,"href":"https:\/\/inellib2b.com\/fi\/wp-json\/wp\/v2\/comments?post=242"}],"wp:featuredmedia":[{"embeddable":true,"href":"https:\/\/inellib2b.com\/fi\/wp-json\/wp\/v2\/media\/114"}],"wp:attachment":[{"href":"https:\/\/inellib2b.com\/fi\/wp-json\/wp\/v2\/media?parent=242"}],"wp:term":[{"taxonomy":"product_brand","embeddable":true,"href":"https:\/\/inellib2b.com\/fi\/wp-json\/wp\/v2\/product_brand?post=242"},{"taxonomy":"product_cat","embeddable":true,"href":"https:\/\/inellib2b.com\/fi\/wp-json\/wp\/v2\/product_cat?post=242"},{"taxonomy":"product_tag","embeddable":true,"href":"https:\/\/inellib2b.com\/fi\/wp-json\/wp\/v2\/product_tag?post=242"}],"curies":[{"name":"wp","href":"https:\/\/api.w.org\/{rel}","templated":true}]}}