{"id":246,"date":"2026-03-17T15:36:04","date_gmt":"2026-03-17T13:36:04","guid":{"rendered":"https:\/\/inellib2b.com\/?post_type=product&#038;p=246"},"modified":"2026-04-14T16:22:16","modified_gmt":"2026-04-14T13:22:16","slug":"high-absorbency-4-layer-bed-pad-90x115-cm-with-wings","status":"publish","type":"product","link":"https:\/\/inellib2b.com\/fi\/tuote\/high-absorbency-4-layer-bed-pad-90x115-cm-with-wings\/","title":{"rendered":"4-kerroksinen inkontinenssisuoja 90x115 cm + siivekkeet"},"content":{"rendered":"<p>Korkean imukyvyn 4-kerroksinen 90\u00d7115 cm (siivekkeill\u00e4) aluslakana  <\/p>\n<ul>\n<li>Imev\u00e4 osa 90 cm<\/li>\n<li>Siivekkeet 2 \u00d7 46 cm<\/li>\n<li>Yl\u00e4kerros siirt\u00e4\u00e4 nesteen nopeasti alakerroksiin ja pinta pysyy kuivana.<\/li>\n<li>Pest\u00e4v\u00e4 60 \u00b0C:ssa<\/li>\n<li>\u00c4l\u00e4 k\u00e4yt\u00e4 huuhteluaineita<\/li>\n<\/ul>","protected":false},"excerpt":{"rendered":"<p>High absorbency 4-layer 90&#215;115 cm (with wings) underlayer Absorbent part 90cm Wings 2x46cm The top layer quickly drains the liquid to the lower layers and the surface becomes dry. Washable at 60\u00baC Do not use fabric softeners<\/p>","protected":false},"featured_media":122,"comment_status":"closed","ping_status":"closed","template":"","meta":{"_acf_changed":false},"product_brand":[],"product_cat":[71],"product_tag":[],"class_list":{"0":"post-246","1":"product","2":"type-product","3":"status-publish","4":"has-post-thumbnail","6":"product_cat-incontinence-bed-pads","8":"first","9":"instock","10":"taxable","11":"shipping-taxable","12":"product-type-simple"},"acf":[],"_links":{"self":[{"href":"https:\/\/inellib2b.com\/fi\/wp-json\/wp\/v2\/product\/246","targetHints":{"allow":["GET"]}}],"collection":[{"href":"https:\/\/inellib2b.com\/fi\/wp-json\/wp\/v2\/product"}],"about":[{"href":"https:\/\/inellib2b.com\/fi\/wp-json\/wp\/v2\/types\/product"}],"replies":[{"embeddable":true,"href":"https:\/\/inellib2b.com\/fi\/wp-json\/wp\/v2\/comments?post=246"}],"wp:featuredmedia":[{"embeddable":true,"href":"https:\/\/inellib2b.com\/fi\/wp-json\/wp\/v2\/media\/122"}],"wp:attachment":[{"href":"https:\/\/inellib2b.com\/fi\/wp-json\/wp\/v2\/media?parent=246"}],"wp:term":[{"taxonomy":"product_brand","embeddable":true,"href":"https:\/\/inellib2b.com\/fi\/wp-json\/wp\/v2\/product_brand?post=246"},{"taxonomy":"product_cat","embeddable":true,"href":"https:\/\/inellib2b.com\/fi\/wp-json\/wp\/v2\/product_cat?post=246"},{"taxonomy":"product_tag","embeddable":true,"href":"https:\/\/inellib2b.com\/fi\/wp-json\/wp\/v2\/product_tag?post=246"}],"curies":[{"name":"wp","href":"https:\/\/api.w.org\/{rel}","templated":true}]}}