{"id":339,"date":"2026-03-17T15:36:07","date_gmt":"2026-03-17T13:36:07","guid":{"rendered":"https:\/\/inellib2b.com\/?post_type=product&#038;p=339"},"modified":"2026-03-18T14:30:00","modified_gmt":"2026-03-18T12:30:00","slug":"slide-sheet-105x125-cm-xl","status":"publish","type":"product","link":"https:\/\/inellib2b.com\/fi\/tuote\/slide-sheet-105x125-cm-xl\/","title":{"rendered":"Liukulakana 105\u00d7125 cm"},"content":{"rendered":"","protected":false},"excerpt":{"rendered":"<p>Liukulakana 105\u00d7125 cm siivekkeill\u00e4. Pest\u00e4v\u00e4 ja imev\u00e4 liukulakana soljilla ja siivekkeill\u00e4. Alaosa satiinilla.<\/p>\n<ul>\n<li>Vahvistetut kahvat<\/li>\n<li>Liukuva alaosa auttaa potilasta k\u00e4\u00e4ntym\u00e4\u00e4n, nostamaan, liikkumaan, istumaan paikalleen<\/li>\n<li>vedenpit\u00e4v\u00e4 ja imev\u00e4 yl\u00e4kerros<\/li>\n<li>Pest\u00e4v\u00e4 60 \u00b0C<\/li>\n<li>\u00c4l\u00e4 k\u00e4yt\u00e4 vedenpehmennysaineita<\/li>\n<li>Kantavuus 260 kg<\/li>\n<\/ul>","protected":false},"featured_media":148,"comment_status":"closed","ping_status":"closed","template":"","meta":{"_acf_changed":false},"product_brand":[],"product_cat":[68],"product_tag":[],"class_list":{"0":"post-339","1":"product","2":"type-product","3":"status-publish","4":"has-post-thumbnail","6":"product_cat-slide-sheets","8":"first","9":"instock","10":"taxable","11":"shipping-taxable","12":"product-type-simple"},"acf":[],"_links":{"self":[{"href":"https:\/\/inellib2b.com\/fi\/wp-json\/wp\/v2\/product\/339","targetHints":{"allow":["GET"]}}],"collection":[{"href":"https:\/\/inellib2b.com\/fi\/wp-json\/wp\/v2\/product"}],"about":[{"href":"https:\/\/inellib2b.com\/fi\/wp-json\/wp\/v2\/types\/product"}],"replies":[{"embeddable":true,"href":"https:\/\/inellib2b.com\/fi\/wp-json\/wp\/v2\/comments?post=339"}],"wp:featuredmedia":[{"embeddable":true,"href":"https:\/\/inellib2b.com\/fi\/wp-json\/wp\/v2\/media\/148"}],"wp:attachment":[{"href":"https:\/\/inellib2b.com\/fi\/wp-json\/wp\/v2\/media?parent=339"}],"wp:term":[{"taxonomy":"product_brand","embeddable":true,"href":"https:\/\/inellib2b.com\/fi\/wp-json\/wp\/v2\/product_brand?post=339"},{"taxonomy":"product_cat","embeddable":true,"href":"https:\/\/inellib2b.com\/fi\/wp-json\/wp\/v2\/product_cat?post=339"},{"taxonomy":"product_tag","embeddable":true,"href":"https:\/\/inellib2b.com\/fi\/wp-json\/wp\/v2\/product_tag?post=339"}],"curies":[{"name":"wp","href":"https:\/\/api.w.org\/{rel}","templated":true}]}}