{"id":226,"date":"2026-03-17T15:36:04","date_gmt":"2026-03-17T13:36:04","guid":{"rendered":"https:\/\/inellib2b.com\/?post_type=product&#038;p=226"},"modified":"2026-04-17T10:16:55","modified_gmt":"2026-04-17T07:16:55","slug":"waterproof-mattress-cover-maria-pu-quilted-elastic","status":"publish","type":"product","link":"https:\/\/inellib2b.com\/sv\/produkt\/waterproof-mattress-cover-maria-pu-quilted-elastic\/","title":{"rendered":"Vattent\u00e4tt madrasskydd MARIA PU\/tikat (elastiskt)"},"content":{"rendered":"<h2>Vattent\u00e4tt madrasskydd MARIA PU\/tikat (elastiskt)<\/h2>\n<p>Det vattent\u00e4ta tikade madrasskyddet \u00e4r ett oumb\u00e4rligt skydd f\u00f6r varje madrass. Inellis vattent\u00e4ta och andningsbara madrasskydd skyddar madrasser fr\u00e5n svett, fl\u00e4ckar, fukt, v\u00e4tskor och annan nedsmutsning och h\u00e5ller madrassen helt torr.<\/p>\n<p>Vattent\u00e4ta madrasskydd anv\u00e4nds ofta i hyresl\u00e4genheter, v\u00e5rdhem, sjukhus och hotell.<\/p>\n<h3>Varf\u00f6r v\u00e4lja Inellis vattent\u00e4ta madrasskydd?<\/h3>\n<ul>\n<li>Ger fullst\u00e4ndigt skydd mot v\u00e4tskor och h\u00e5ller madrassen hygienisk<\/li>\n<li>H\u00e5ller den egentliga madrassen ren<\/li>\n<li>Effektivt skydd mot dammkvalster, svett och andra kroppsv\u00e4tskor<\/li>\n<li>F\u00f6rl\u00e4nger madrassens livsl\u00e4ngd avsev\u00e4rt<\/li>\n<li>Ovanlager: 80 % bomull, 20 % polyester<\/li>\n<\/ul>\n<h3>Hur sk\u00f6ter man madrasskyddet?<\/h3>\n<p>Maskintv\u00e4ttbart upp till 60 \u00b0C. Efter tv\u00e4tt torka ordentligt \u2014 helst lufttorka eller torktumla i l\u00e5g temperatur.<\/p>","protected":false},"excerpt":{"rendered":"<ul>\n<li>Vattent\u00e4tt madrasskydd MARIA\/PU med tikat ovanlager<\/li>\n<li>Ovanlager: 80 % bomull, 20 % polyester<\/li>\n<li>Underlager: andningsbart PU<\/li>\n<li>Maskintv\u00e4ttbart upp till 60 \u00b0C<\/li>\n<li>Gummifasts\u00e4ttning i 4 h\u00f6rn<\/li>\n<li>L\u00e4tt och tunn, l\u00e4tt att tv\u00e4tta och torka<\/li>\n<li>Livsl\u00e4ngd upp till 100 tv\u00e4ttar<\/li>\n<\/ul>","protected":false},"featured_media":89,"comment_status":"closed","ping_status":"closed","template":"","meta":{"_acf_changed":false},"product_brand":[],"product_cat":[69],"product_tag":[],"class_list":{"0":"post-226","1":"product","2":"type-product","3":"status-publish","4":"has-post-thumbnail","6":"product_cat-mattress-protectors","8":"first","9":"instock","10":"taxable","11":"shipping-taxable","12":"product-type-variable"},"acf":[],"_links":{"self":[{"href":"https:\/\/inellib2b.com\/sv\/wp-json\/wp\/v2\/product\/226","targetHints":{"allow":["GET"]}}],"collection":[{"href":"https:\/\/inellib2b.com\/sv\/wp-json\/wp\/v2\/product"}],"about":[{"href":"https:\/\/inellib2b.com\/sv\/wp-json\/wp\/v2\/types\/product"}],"replies":[{"embeddable":true,"href":"https:\/\/inellib2b.com\/sv\/wp-json\/wp\/v2\/comments?post=226"}],"wp:featuredmedia":[{"embeddable":true,"href":"https:\/\/inellib2b.com\/sv\/wp-json\/wp\/v2\/media\/89"}],"wp:attachment":[{"href":"https:\/\/inellib2b.com\/sv\/wp-json\/wp\/v2\/media?parent=226"}],"wp:term":[{"taxonomy":"product_brand","embeddable":true,"href":"https:\/\/inellib2b.com\/sv\/wp-json\/wp\/v2\/product_brand?post=226"},{"taxonomy":"product_cat","embeddable":true,"href":"https:\/\/inellib2b.com\/sv\/wp-json\/wp\/v2\/product_cat?post=226"},{"taxonomy":"product_tag","embeddable":true,"href":"https:\/\/inellib2b.com\/sv\/wp-json\/wp\/v2\/product_tag?post=226"}],"curies":[{"name":"wp","href":"https:\/\/api.w.org\/{rel}","templated":true}]}}