{"id":228,"date":"2026-03-17T15:36:04","date_gmt":"2026-03-17T13:36:04","guid":{"rendered":"https:\/\/inellib2b.com\/?post_type=product&#038;p=228"},"modified":"2026-04-06T10:01:27","modified_gmt":"2026-04-06T07:01:27","slug":"waterproof-mattress-cover-siiri-pu-terry-elastic","status":"publish","type":"product","link":"https:\/\/inellib2b.com\/sv\/produkt\/waterproof-mattress-cover-siiri-pu-terry-elastic\/","title":{"rendered":"Vattent\u00e4tt madrasskydd SIIRI PU\/frott\u00e9 (med res\u00e5r)"},"content":{"rendered":"<p>Madrasskyddet skyddar madrassen fr\u00e5n smuts och fukt.  <\/p>\n<ul>\n<li>Allergiv\u00e4nligt<\/li>\n<li>Tv\u00e4tt vid h\u00f6gst 90 \u00b0C i 60 minuter<\/li>\n<li>100 % bomullsfrott\u00e9-ovansida<\/li>\n<li>Gummifasts\u00e4ttning i 4 h\u00f6rn<\/li>\n<\/ul>","protected":false},"excerpt":{"rendered":"<p>The mattress cover protects the mattress from dirt and moisture. Anti-allergic Washing at a maximum of 90 C for 60 minutes 100% cotton terry topsheet 4 corner rubber fixing<\/p>","protected":false},"featured_media":93,"comment_status":"closed","ping_status":"closed","template":"","meta":{"_acf_changed":false},"product_brand":[],"product_cat":[69],"product_tag":[],"class_list":{"0":"post-228","1":"product","2":"type-product","3":"status-publish","4":"has-post-thumbnail","6":"product_cat-mattress-protectors","8":"first","9":"instock","10":"taxable","11":"shipping-taxable","12":"product-type-variable"},"acf":[],"_links":{"self":[{"href":"https:\/\/inellib2b.com\/sv\/wp-json\/wp\/v2\/product\/228","targetHints":{"allow":["GET"]}}],"collection":[{"href":"https:\/\/inellib2b.com\/sv\/wp-json\/wp\/v2\/product"}],"about":[{"href":"https:\/\/inellib2b.com\/sv\/wp-json\/wp\/v2\/types\/product"}],"replies":[{"embeddable":true,"href":"https:\/\/inellib2b.com\/sv\/wp-json\/wp\/v2\/comments?post=228"}],"wp:featuredmedia":[{"embeddable":true,"href":"https:\/\/inellib2b.com\/sv\/wp-json\/wp\/v2\/media\/93"}],"wp:attachment":[{"href":"https:\/\/inellib2b.com\/sv\/wp-json\/wp\/v2\/media?parent=228"}],"wp:term":[{"taxonomy":"product_brand","embeddable":true,"href":"https:\/\/inellib2b.com\/sv\/wp-json\/wp\/v2\/product_brand?post=228"},{"taxonomy":"product_cat","embeddable":true,"href":"https:\/\/inellib2b.com\/sv\/wp-json\/wp\/v2\/product_cat?post=228"},{"taxonomy":"product_tag","embeddable":true,"href":"https:\/\/inellib2b.com\/sv\/wp-json\/wp\/v2\/product_tag?post=228"}],"curies":[{"name":"wp","href":"https:\/\/api.w.org\/{rel}","templated":true}]}}