{"id":229,"date":"2026-03-17T15:36:04","date_gmt":"2026-03-17T13:36:04","guid":{"rendered":"https:\/\/inellib2b.com\/?post_type=product&#038;p=229"},"modified":"2026-04-08T12:43:44","modified_gmt":"2026-04-08T09:43:44","slug":"waterproof-mattress-cover-siiri-pu-terry-skirt","status":"publish","type":"product","link":"https:\/\/inellib2b.com\/sv\/produkt\/waterproof-mattress-cover-siiri-pu-terry-skirt\/","title":{"rendered":"Vattent\u00e4tt madrasskydd SIIRI PU\/frott\u00e9 (kjol)"},"content":{"rendered":"<h2>Vattent\u00e4tt madrasskydd SIIRI PU\/frott\u00e9 (kjol)<\/h2>\n<p>Det vattent\u00e4ta frott\u00e9-madrasskyddet med kjol kombinerar frott\u00e9ets mjukhet med p\u00e5litligt vattent\u00e4tt skydd. Kjolpassformen h\u00e5ller skyddet stadigt p\u00e5 plats.<\/p>\n<h3>Huvudf\u00f6rdelar<\/h3>\n<ul>\n<li>Mjuk frott\u00e9-ovansida<\/li>\n<li>Stabil kjolpassform<\/li>\n<li>Andningsbar PU vattent\u00e4t baksida<\/li>\n<li>Allergiv\u00e4nligt<\/li>\n<li>Maskintv\u00e4ttbart f\u00f6r enkel sk\u00f6tsel<\/li>\n<\/ul>","protected":false},"excerpt":{"rendered":"<ul>\n<li>Frott\u00e9-ovansida<\/li>\n<li>Undersida: andningsbart PU-membran<\/li>\n<li>Kjolpassform f\u00f6r stabil placering<\/li>\n<li>Maskintv\u00e4ttbart upp till 60 \u00b0C<\/li>\n<li>Allergiv\u00e4nligt<\/li>\n<\/ul>","protected":false},"featured_media":95,"comment_status":"closed","ping_status":"closed","template":"","meta":{"_acf_changed":false},"product_brand":[],"product_cat":[69],"product_tag":[],"class_list":{"0":"post-229","1":"product","2":"type-product","3":"status-publish","4":"has-post-thumbnail","6":"product_cat-mattress-protectors","8":"first","9":"instock","10":"taxable","11":"shipping-taxable","12":"product-type-variable"},"acf":[],"_links":{"self":[{"href":"https:\/\/inellib2b.com\/sv\/wp-json\/wp\/v2\/product\/229","targetHints":{"allow":["GET"]}}],"collection":[{"href":"https:\/\/inellib2b.com\/sv\/wp-json\/wp\/v2\/product"}],"about":[{"href":"https:\/\/inellib2b.com\/sv\/wp-json\/wp\/v2\/types\/product"}],"replies":[{"embeddable":true,"href":"https:\/\/inellib2b.com\/sv\/wp-json\/wp\/v2\/comments?post=229"}],"wp:featuredmedia":[{"embeddable":true,"href":"https:\/\/inellib2b.com\/sv\/wp-json\/wp\/v2\/media\/95"}],"wp:attachment":[{"href":"https:\/\/inellib2b.com\/sv\/wp-json\/wp\/v2\/media?parent=229"}],"wp:term":[{"taxonomy":"product_brand","embeddable":true,"href":"https:\/\/inellib2b.com\/sv\/wp-json\/wp\/v2\/product_brand?post=229"},{"taxonomy":"product_cat","embeddable":true,"href":"https:\/\/inellib2b.com\/sv\/wp-json\/wp\/v2\/product_cat?post=229"},{"taxonomy":"product_tag","embeddable":true,"href":"https:\/\/inellib2b.com\/sv\/wp-json\/wp\/v2\/product_tag?post=229"}],"curies":[{"name":"wp","href":"https:\/\/api.w.org\/{rel}","templated":true}]}}