{"id":230,"date":"2026-03-17T15:36:04","date_gmt":"2026-03-17T13:36:04","guid":{"rendered":"https:\/\/inellib2b.com\/?post_type=product&#038;p=230"},"modified":"2026-04-14T16:22:16","modified_gmt":"2026-04-14T13:22:16","slug":"waterproof-fitted-sheet-2-in-1","status":"publish","type":"product","link":"https:\/\/inellib2b.com\/sv\/produkt\/waterproof-fitted-sheet-2-in-1\/","title":{"rendered":"Vattent\u00e4t tencel-s\u00e4nglinne 90\u00d7200 cm med extra kjol 30 cm"},"content":{"rendered":"<p>Vattent\u00e4tt tv\u00e4ttbart lakan\/madrasskydd i tencel 2-i-1.  <\/p>\n<ul>\n<li>TENCEL \u2014 naturlig cellulosafiber<\/li>\n<li>L\u00e4mpligt f\u00f6r allergiker och kunder med k\u00e4nslig hud<\/li>\n<li>Termoreglerande kylande effekt, bibeh\u00e5ller kroppens naturliga temperatur.<\/li>\n<li>M\u00f6rkbrun f\u00e4rg som inte visar fl\u00e4ckar<\/li>\n<\/ul>","protected":false},"excerpt":{"rendered":"<p>Waterproof washable bed sheet\/mattress cover tencel 2 in 1. TENCEL &#8211; natural csessulose fibre Suitable for allergy sufferers and customers with sensitive skin Thermoregulatory cooling effect, maintains the body&#8217;s natural temperature. Dark brown colour does not show up stains<\/p>","protected":false},"featured_media":97,"comment_status":"closed","ping_status":"closed","template":"","meta":{"_acf_changed":false},"product_brand":[],"product_cat":[69],"product_tag":[],"class_list":{"0":"post-230","1":"product","2":"type-product","3":"status-publish","4":"has-post-thumbnail","6":"product_cat-mattress-protectors","8":"first","9":"instock","10":"taxable","11":"shipping-taxable","12":"product-type-simple"},"acf":[],"_links":{"self":[{"href":"https:\/\/inellib2b.com\/sv\/wp-json\/wp\/v2\/product\/230","targetHints":{"allow":["GET"]}}],"collection":[{"href":"https:\/\/inellib2b.com\/sv\/wp-json\/wp\/v2\/product"}],"about":[{"href":"https:\/\/inellib2b.com\/sv\/wp-json\/wp\/v2\/types\/product"}],"replies":[{"embeddable":true,"href":"https:\/\/inellib2b.com\/sv\/wp-json\/wp\/v2\/comments?post=230"}],"wp:featuredmedia":[{"embeddable":true,"href":"https:\/\/inellib2b.com\/sv\/wp-json\/wp\/v2\/media\/97"}],"wp:attachment":[{"href":"https:\/\/inellib2b.com\/sv\/wp-json\/wp\/v2\/media?parent=230"}],"wp:term":[{"taxonomy":"product_brand","embeddable":true,"href":"https:\/\/inellib2b.com\/sv\/wp-json\/wp\/v2\/product_brand?post=230"},{"taxonomy":"product_cat","embeddable":true,"href":"https:\/\/inellib2b.com\/sv\/wp-json\/wp\/v2\/product_cat?post=230"},{"taxonomy":"product_tag","embeddable":true,"href":"https:\/\/inellib2b.com\/sv\/wp-json\/wp\/v2\/product_tag?post=230"}],"curies":[{"name":"wp","href":"https:\/\/api.w.org\/{rel}","templated":true}]}}