{"id":233,"date":"2026-03-17T15:36:04","date_gmt":"2026-03-17T13:36:04","guid":{"rendered":"https:\/\/inellib2b.com\/?post_type=product&#038;p=233"},"modified":"2026-04-14T16:22:16","modified_gmt":"2026-04-14T13:22:16","slug":"high-absorbency-5-layer-bed-pad-90x115-cm","status":"publish","type":"product","link":"https:\/\/inellib2b.com\/sv\/produkt\/high-absorbency-5-layer-bed-pad-90x115-cm\/","title":{"rendered":"5-lagers inkontinensskydd 90x115 cm"},"content":{"rendered":"<p data-swp-font-size=\"15px\">En ny typ av tv\u00e4ttbart absorberande underl\u00e4gg med 5 patenterade lager, d\u00e4r de tekniska ovanlagren snabbt \u00f6verf\u00f6r v\u00e4tskan till underlagren och produkten torkar p\u00e5 minuter och skyddar b\u00e5de personen och madrassen.<br \/>\nL\u00e4mpligt f\u00f6r hem- och sjukv\u00e5rdsanv\u00e4ndning vid h\u00f6gre inkontinens. <\/p>\n<ul>\n<li data-swp-font-size=\"15px\">Tv\u00e4ttbart 90 \u00b0C<\/li>\n<li data-swp-font-size=\"15px\">Mycket h\u00f6g absorption<\/li>\n<li data-swp-font-size=\"15px\">L\u00e5ngvarigt, minst 200 tv\u00e4ttar<\/li>\n<li data-swp-font-size=\"15px\">Antibakteriellt<\/li>\n<li data-swp-font-size=\"15px\">Hygieniskt<\/li>\n<\/ul>","protected":false},"excerpt":{"rendered":"<p>A new type of washable, absorbent liner with 5 patented layers, where the top technical layers quickly transfer liquid to the bottom layers and the product dries in minutes, protecting both the person and the mattress. Suitable for home and medical use for higher incontinence. Washable at 90\u00b0C Very high absorbency Long lasting, at least [&hellip;]<\/p>\n","protected":false},"featured_media":102,"comment_status":"closed","ping_status":"closed","template":"","meta":{"_acf_changed":false},"product_brand":[],"product_cat":[71],"product_tag":[],"class_list":{"0":"post-233","1":"product","2":"type-product","3":"status-publish","4":"has-post-thumbnail","6":"product_cat-incontinence-bed-pads","8":"first","9":"instock","10":"taxable","11":"shipping-taxable","12":"product-type-simple"},"acf":[],"_links":{"self":[{"href":"https:\/\/inellib2b.com\/sv\/wp-json\/wp\/v2\/product\/233","targetHints":{"allow":["GET"]}}],"collection":[{"href":"https:\/\/inellib2b.com\/sv\/wp-json\/wp\/v2\/product"}],"about":[{"href":"https:\/\/inellib2b.com\/sv\/wp-json\/wp\/v2\/types\/product"}],"replies":[{"embeddable":true,"href":"https:\/\/inellib2b.com\/sv\/wp-json\/wp\/v2\/comments?post=233"}],"wp:featuredmedia":[{"embeddable":true,"href":"https:\/\/inellib2b.com\/sv\/wp-json\/wp\/v2\/media\/102"}],"wp:attachment":[{"href":"https:\/\/inellib2b.com\/sv\/wp-json\/wp\/v2\/media?parent=233"}],"wp:term":[{"taxonomy":"product_brand","embeddable":true,"href":"https:\/\/inellib2b.com\/sv\/wp-json\/wp\/v2\/product_brand?post=233"},{"taxonomy":"product_cat","embeddable":true,"href":"https:\/\/inellib2b.com\/sv\/wp-json\/wp\/v2\/product_cat?post=233"},{"taxonomy":"product_tag","embeddable":true,"href":"https:\/\/inellib2b.com\/sv\/wp-json\/wp\/v2\/product_tag?post=233"}],"curies":[{"name":"wp","href":"https:\/\/api.w.org\/{rel}","templated":true}]}}