{"id":234,"date":"2026-03-17T15:36:04","date_gmt":"2026-03-17T13:36:04","guid":{"rendered":"https:\/\/inellib2b.com\/?post_type=product&#038;p=234"},"modified":"2026-04-06T10:04:28","modified_gmt":"2026-04-06T07:04:28","slug":"waterproof-terry-bed-pad-90x115-cm-with-wings","status":"publish","type":"product","link":"https:\/\/inellib2b.com\/sv\/produkt\/waterproof-terry-bed-pad-90x115-cm-with-wings\/","title":{"rendered":"Vattent\u00e4tt andningsbart frott\u00e9-s\u00e4ngunderl\u00e4gg 90\u00d7115 + vingar"},"content":{"rendered":"<p data-swp-font-size=\"15px\">Skyddar madrassen fr\u00e5n smuts och fukt.<\/p>\n<ul>\n<li data-swp-font-size=\"15px\">Vattent\u00e4tt<\/li>\n<li data-swp-font-size=\"15px\">Antibakteriellt<\/li>\n<li data-swp-font-size=\"15px\">H\u00e5ller sig v\u00e4l p\u00e5 plats tack vare vingarna<\/li>\n<li data-swp-font-size=\"15px\">80 % bomull \/ 20 % polyester<\/li>\n<li data-swp-font-size=\"15px\">Tv\u00e4ttbart 95 \u00b0C<\/li>\n<li data-swp-font-size=\"15px\">F\u00e5r inte blekas eller strykas<\/li>\n<\/ul>","protected":false},"excerpt":{"rendered":"<p>Protects the mattress from dirt and moisture. Waterproof Antibacterial Stands well with wings in place 80% cotton\/20% polyester Pest resistant 95\u00baC Do not bleach or iron<\/p>","protected":false},"featured_media":104,"comment_status":"closed","ping_status":"closed","template":"","meta":{"_acf_changed":false},"product_brand":[],"product_cat":[71],"product_tag":[],"class_list":{"0":"post-234","1":"product","2":"type-product","3":"status-publish","4":"has-post-thumbnail","6":"product_cat-incontinence-bed-pads","8":"first","9":"instock","10":"taxable","11":"shipping-taxable","12":"product-type-simple"},"acf":[],"_links":{"self":[{"href":"https:\/\/inellib2b.com\/sv\/wp-json\/wp\/v2\/product\/234","targetHints":{"allow":["GET"]}}],"collection":[{"href":"https:\/\/inellib2b.com\/sv\/wp-json\/wp\/v2\/product"}],"about":[{"href":"https:\/\/inellib2b.com\/sv\/wp-json\/wp\/v2\/types\/product"}],"replies":[{"embeddable":true,"href":"https:\/\/inellib2b.com\/sv\/wp-json\/wp\/v2\/comments?post=234"}],"wp:featuredmedia":[{"embeddable":true,"href":"https:\/\/inellib2b.com\/sv\/wp-json\/wp\/v2\/media\/104"}],"wp:attachment":[{"href":"https:\/\/inellib2b.com\/sv\/wp-json\/wp\/v2\/media?parent=234"}],"wp:term":[{"taxonomy":"product_brand","embeddable":true,"href":"https:\/\/inellib2b.com\/sv\/wp-json\/wp\/v2\/product_brand?post=234"},{"taxonomy":"product_cat","embeddable":true,"href":"https:\/\/inellib2b.com\/sv\/wp-json\/wp\/v2\/product_cat?post=234"},{"taxonomy":"product_tag","embeddable":true,"href":"https:\/\/inellib2b.com\/sv\/wp-json\/wp\/v2\/product_tag?post=234"}],"curies":[{"name":"wp","href":"https:\/\/api.w.org\/{rel}","templated":true}]}}