{"id":238,"date":"2026-03-17T15:36:04","date_gmt":"2026-03-17T13:36:04","guid":{"rendered":"https:\/\/inellib2b.com\/?post_type=product&#038;p=238"},"modified":"2026-03-18T14:30:00","modified_gmt":"2026-03-18T12:30:00","slug":"pyjamas-fruits","status":"publish","type":"product","link":"https:\/\/inellib2b.com\/sv\/produkt\/pyjamas-fruits\/","title":{"rendered":"Pyjamas Frukter"},"content":{"rendered":"<p>Bomullspyjamas unisex  <\/p>\n<ul>\n<li>material: 100 % mjuk bomull<\/li>\n<li>en l\u00e4ngre jacka och l\u00e5nga byxor med slits i benslutet<\/li>\n<li>v\u00e4nd produkten ut och in f\u00f6re tv\u00e4tt<\/li>\n<li>tv\u00e4ttbar upp till 60 \u00b0C<\/li>\n<\/ul>","protected":false},"excerpt":{"rendered":"<p>Cotton pajamas unisex material: 100% soft cotton a longer jacket and long trousers with a slit at the bottom before washing, please turn the product upside down washable up to 60C<\/p>","protected":false},"featured_media":110,"comment_status":"closed","ping_status":"closed","template":"","meta":{"_acf_changed":false},"product_brand":[],"product_cat":[73],"product_tag":[],"class_list":{"0":"post-238","1":"product","2":"type-product","3":"status-publish","4":"has-post-thumbnail","6":"product_cat-pajamas","8":"first","9":"instock","10":"taxable","11":"shipping-taxable","12":"product-type-variable"},"acf":[],"_links":{"self":[{"href":"https:\/\/inellib2b.com\/sv\/wp-json\/wp\/v2\/product\/238","targetHints":{"allow":["GET"]}}],"collection":[{"href":"https:\/\/inellib2b.com\/sv\/wp-json\/wp\/v2\/product"}],"about":[{"href":"https:\/\/inellib2b.com\/sv\/wp-json\/wp\/v2\/types\/product"}],"replies":[{"embeddable":true,"href":"https:\/\/inellib2b.com\/sv\/wp-json\/wp\/v2\/comments?post=238"}],"wp:featuredmedia":[{"embeddable":true,"href":"https:\/\/inellib2b.com\/sv\/wp-json\/wp\/v2\/media\/110"}],"wp:attachment":[{"href":"https:\/\/inellib2b.com\/sv\/wp-json\/wp\/v2\/media?parent=238"}],"wp:term":[{"taxonomy":"product_brand","embeddable":true,"href":"https:\/\/inellib2b.com\/sv\/wp-json\/wp\/v2\/product_brand?post=238"},{"taxonomy":"product_cat","embeddable":true,"href":"https:\/\/inellib2b.com\/sv\/wp-json\/wp\/v2\/product_cat?post=238"},{"taxonomy":"product_tag","embeddable":true,"href":"https:\/\/inellib2b.com\/sv\/wp-json\/wp\/v2\/product_tag?post=238"}],"curies":[{"name":"wp","href":"https:\/\/api.w.org\/{rel}","templated":true}]}}