{"id":239,"date":"2026-03-17T15:36:04","date_gmt":"2026-03-17T13:36:04","guid":{"rendered":"https:\/\/inellib2b.com\/?post_type=product&#038;p=239"},"modified":"2026-03-18T14:30:00","modified_gmt":"2026-03-18T12:30:00","slug":"nightgown-fruits","status":"publish","type":"product","link":"https:\/\/inellib2b.com\/sv\/produkt\/nightgown-fruits\/","title":{"rendered":"Nattlinne Frukter"},"content":{"rendered":"<p>Nightgown <\/p>\n<ul>\n<li>material: 100 % mjuk bomull<\/li>\n<li>sleeveless roomy cut<\/li>\n<li>v\u00e4nd produkten ut och in f\u00f6re tv\u00e4tt och dra \u00e5t l\u00e5set<\/li>\n<li>tv\u00e4ttbar upp till 60 \u00b0C<\/li>\n<\/ul>\n<p>&nbsp;<\/p>","protected":false},"excerpt":{"rendered":"<p>Nightgown material: 100% soft cotton sleeveless roomy cut before washing, please turn the product upside down and tighten the lock washable up to 60C &nbsp;<\/p>","protected":false},"featured_media":111,"comment_status":"closed","ping_status":"closed","template":"","meta":{"_acf_changed":false},"product_brand":[],"product_cat":[31],"product_tag":[],"class_list":{"0":"post-239","1":"product","2":"type-product","3":"status-publish","4":"has-post-thumbnail","6":"product_cat-nightgowns","8":"first","9":"instock","10":"taxable","11":"shipping-taxable","12":"product-type-variable"},"acf":[],"_links":{"self":[{"href":"https:\/\/inellib2b.com\/sv\/wp-json\/wp\/v2\/product\/239","targetHints":{"allow":["GET"]}}],"collection":[{"href":"https:\/\/inellib2b.com\/sv\/wp-json\/wp\/v2\/product"}],"about":[{"href":"https:\/\/inellib2b.com\/sv\/wp-json\/wp\/v2\/types\/product"}],"replies":[{"embeddable":true,"href":"https:\/\/inellib2b.com\/sv\/wp-json\/wp\/v2\/comments?post=239"}],"wp:featuredmedia":[{"embeddable":true,"href":"https:\/\/inellib2b.com\/sv\/wp-json\/wp\/v2\/media\/111"}],"wp:attachment":[{"href":"https:\/\/inellib2b.com\/sv\/wp-json\/wp\/v2\/media?parent=239"}],"wp:term":[{"taxonomy":"product_brand","embeddable":true,"href":"https:\/\/inellib2b.com\/sv\/wp-json\/wp\/v2\/product_brand?post=239"},{"taxonomy":"product_cat","embeddable":true,"href":"https:\/\/inellib2b.com\/sv\/wp-json\/wp\/v2\/product_cat?post=239"},{"taxonomy":"product_tag","embeddable":true,"href":"https:\/\/inellib2b.com\/sv\/wp-json\/wp\/v2\/product_tag?post=239"}],"curies":[{"name":"wp","href":"https:\/\/api.w.org\/{rel}","templated":true}]}}