{"id":243,"date":"2026-03-17T15:36:04","date_gmt":"2026-03-17T13:36:04","guid":{"rendered":"https:\/\/inellib2b.com\/?post_type=product&#038;p=243"},"modified":"2026-04-16T11:12:40","modified_gmt":"2026-04-16T08:12:40","slug":"washable-waterproof-bed-pad-70x80-cm-boy","status":"publish","type":"product","link":"https:\/\/inellib2b.com\/sv\/produkt\/washable-waterproof-bed-pad-70x80-cm-boy\/","title":{"rendered":"Tv\u00e4ttbart vattent\u00e4tt s\u00e4ngunderl\u00e4gg 70x80 cm (pojke)"},"content":{"rendered":"<div>\n<div>\n<p><span data-sheets-root=\"1\" data-sheets-value=\"{\"1\":2,\"2\":\"haigla hooldekodu voodipesu komplekt, 150x200 tekikott, 50x60 padjap\u00fc\u00fcr, 90x200 kummiga lina, sinised lilled print\"}\" data-sheets-userformat=\"{\"2\":513,\"3\":{\"1\":0},\"12\":0}\">Tv\u00e4ttbart vattenavvisande underl\u00e4gg<\/span><\/p>\n<ul>\n<li><span data-sheets-root=\"1\" data-sheets-value=\"{\"1\":2,\"2\":\"haigla hooldekodu voodipesu komplekt, 150x200 tekikott, 50x60 padjap\u00fc\u00fcr, 90x200 kummiga lina, sinised lilled print\"}\" data-sheets-userformat=\"{\"2\":513,\"3\":{\"1\":0},\"12\":0}\">70\u00d780 cm tv\u00e4ttbart lakan<\/span><\/li>\n<li>multifunktionellt<\/li>\n<li>med allergiv\u00e4nlig yta<\/li>\n<li>100 % polyester<\/li>\n<li>pestav 60 C<\/li>\n<li>l\u00e4mpligt f\u00f6r lekmattor, massagemattor, s\u00e4ng\u00f6verdrag<\/li>\n<li>tryck dinosaurier<\/li>\n<\/ul>\n<\/div>\n<div><\/div>\n<\/div>\n<p>&nbsp;<\/p>","protected":false},"excerpt":{"rendered":"<p>Washable water-resistant liner 70&#215;80 cm washable linen multifunctional with anti-allergic surface 100% polyester pestav 60 C suitable for playmats, massage mats, bed covers print dinosaurs &nbsp;<\/p>","protected":false},"featured_media":116,"comment_status":"closed","ping_status":"closed","template":"","meta":{"_acf_changed":false},"product_brand":[],"product_cat":[71],"product_tag":[],"class_list":{"0":"post-243","1":"product","2":"type-product","3":"status-publish","4":"has-post-thumbnail","6":"product_cat-incontinence-bed-pads","8":"first","9":"instock","10":"taxable","11":"shipping-taxable","12":"product-type-simple"},"acf":[],"_links":{"self":[{"href":"https:\/\/inellib2b.com\/sv\/wp-json\/wp\/v2\/product\/243","targetHints":{"allow":["GET"]}}],"collection":[{"href":"https:\/\/inellib2b.com\/sv\/wp-json\/wp\/v2\/product"}],"about":[{"href":"https:\/\/inellib2b.com\/sv\/wp-json\/wp\/v2\/types\/product"}],"replies":[{"embeddable":true,"href":"https:\/\/inellib2b.com\/sv\/wp-json\/wp\/v2\/comments?post=243"}],"wp:featuredmedia":[{"embeddable":true,"href":"https:\/\/inellib2b.com\/sv\/wp-json\/wp\/v2\/media\/116"}],"wp:attachment":[{"href":"https:\/\/inellib2b.com\/sv\/wp-json\/wp\/v2\/media?parent=243"}],"wp:term":[{"taxonomy":"product_brand","embeddable":true,"href":"https:\/\/inellib2b.com\/sv\/wp-json\/wp\/v2\/product_brand?post=243"},{"taxonomy":"product_cat","embeddable":true,"href":"https:\/\/inellib2b.com\/sv\/wp-json\/wp\/v2\/product_cat?post=243"},{"taxonomy":"product_tag","embeddable":true,"href":"https:\/\/inellib2b.com\/sv\/wp-json\/wp\/v2\/product_tag?post=243"}],"curies":[{"name":"wp","href":"https:\/\/api.w.org\/{rel}","templated":true}]}}