{"id":246,"date":"2026-03-17T15:36:04","date_gmt":"2026-03-17T13:36:04","guid":{"rendered":"https:\/\/inellib2b.com\/?post_type=product&#038;p=246"},"modified":"2026-04-14T16:22:16","modified_gmt":"2026-04-14T13:22:16","slug":"high-absorbency-4-layer-bed-pad-90x115-cm-with-wings","status":"publish","type":"product","link":"https:\/\/inellib2b.com\/sv\/produkt\/high-absorbency-4-layer-bed-pad-90x115-cm-with-wings\/","title":{"rendered":"4-lagers inkontinensskydd 90x115cm+vingar"},"content":{"rendered":"<p>4-lagers underl\u00e4gg med h\u00f6g absorption 90\u00d7115 cm (med vingar)  <\/p>\n<ul>\n<li>Absorberande del 90 cm<\/li>\n<li>Vingar 2\u00d746 cm<\/li>\n<li>Ovanlagret dr\u00e4nerar snabbt v\u00e4tskan till de undre lagren och ytan blir torr.<\/li>\n<li>Tv\u00e4ttbart 60 \u00b0C<\/li>\n<li>Anv\u00e4nd inte sk\u00f6ljmedel<\/li>\n<\/ul>","protected":false},"excerpt":{"rendered":"<p>High absorbency 4-layer 90&#215;115 cm (with wings) underlayer Absorbent part 90cm Wings 2x46cm The top layer quickly drains the liquid to the lower layers and the surface becomes dry. Washable at 60\u00baC Do not use fabric softeners<\/p>","protected":false},"featured_media":122,"comment_status":"closed","ping_status":"closed","template":"","meta":{"_acf_changed":false},"product_brand":[],"product_cat":[71],"product_tag":[],"class_list":{"0":"post-246","1":"product","2":"type-product","3":"status-publish","4":"has-post-thumbnail","6":"product_cat-incontinence-bed-pads","8":"first","9":"instock","10":"taxable","11":"shipping-taxable","12":"product-type-simple"},"acf":[],"_links":{"self":[{"href":"https:\/\/inellib2b.com\/sv\/wp-json\/wp\/v2\/product\/246","targetHints":{"allow":["GET"]}}],"collection":[{"href":"https:\/\/inellib2b.com\/sv\/wp-json\/wp\/v2\/product"}],"about":[{"href":"https:\/\/inellib2b.com\/sv\/wp-json\/wp\/v2\/types\/product"}],"replies":[{"embeddable":true,"href":"https:\/\/inellib2b.com\/sv\/wp-json\/wp\/v2\/comments?post=246"}],"wp:featuredmedia":[{"embeddable":true,"href":"https:\/\/inellib2b.com\/sv\/wp-json\/wp\/v2\/media\/122"}],"wp:attachment":[{"href":"https:\/\/inellib2b.com\/sv\/wp-json\/wp\/v2\/media?parent=246"}],"wp:term":[{"taxonomy":"product_brand","embeddable":true,"href":"https:\/\/inellib2b.com\/sv\/wp-json\/wp\/v2\/product_brand?post=246"},{"taxonomy":"product_cat","embeddable":true,"href":"https:\/\/inellib2b.com\/sv\/wp-json\/wp\/v2\/product_cat?post=246"},{"taxonomy":"product_tag","embeddable":true,"href":"https:\/\/inellib2b.com\/sv\/wp-json\/wp\/v2\/product_tag?post=246"}],"curies":[{"name":"wp","href":"https:\/\/api.w.org\/{rel}","templated":true}]}}