{"id":247,"date":"2026-03-17T15:36:04","date_gmt":"2026-03-17T13:36:04","guid":{"rendered":"https:\/\/inellib2b.com\/?post_type=product&#038;p=247"},"modified":"2026-04-14T16:22:16","modified_gmt":"2026-04-14T13:22:16","slug":"restless-patient-suit-sipsik","status":"publish","type":"product","link":"https:\/\/inellib2b.com\/sv\/produkt\/restless-patient-suit-sipsik\/","title":{"rendered":"Sipsik-overall f\u00f6r rastl\u00f6sa patienter"},"content":{"rendered":"<p>Sipsik-overall f\u00f6r rastl\u00f6sa patienter.<\/p>\n<ul>\n<li>material: 100 % mjuk bomull<\/li>\n<li>l\u00e5s fr\u00e5n nacken ner till benslutet, l\u00e4ngd 120 cm<\/li>\n<li>halv\u00e4rmade och helt l\u00e5nga byxben<\/li>\n<li>mycket h\u00e5llbart l\u00e5s<\/li>\n<li>v\u00e4nd produkten ut och in f\u00f6re tv\u00e4tt och dra \u00e5t l\u00e5set<\/li>\n<li>tv\u00e4ttbar upp till 60 \u00b0C<\/li>\n<\/ul>\n<p>&nbsp;<\/p>","protected":false},"excerpt":{"rendered":"<p>The Sipsik Combination Zone for the restless patient. material: 100% soft cotton lock from the back of the neck down to the bottom of the leg, length 120 cm half sleeves and full-length leg section very durable lock before washing, please turn the product upside down and tighten the lock washable up to 60C &nbsp;<\/p>","protected":false},"featured_media":124,"comment_status":"closed","ping_status":"closed","template":"","meta":{"_acf_changed":false},"product_brand":[],"product_cat":[70],"product_tag":[],"class_list":{"0":"post-247","1":"product","2":"type-product","3":"status-publish","4":"has-post-thumbnail","6":"product_cat-cotton-jumpsuits","8":"first","9":"instock","10":"taxable","11":"shipping-taxable","12":"product-type-variable"},"acf":[],"_links":{"self":[{"href":"https:\/\/inellib2b.com\/sv\/wp-json\/wp\/v2\/product\/247","targetHints":{"allow":["GET"]}}],"collection":[{"href":"https:\/\/inellib2b.com\/sv\/wp-json\/wp\/v2\/product"}],"about":[{"href":"https:\/\/inellib2b.com\/sv\/wp-json\/wp\/v2\/types\/product"}],"replies":[{"embeddable":true,"href":"https:\/\/inellib2b.com\/sv\/wp-json\/wp\/v2\/comments?post=247"}],"wp:featuredmedia":[{"embeddable":true,"href":"https:\/\/inellib2b.com\/sv\/wp-json\/wp\/v2\/media\/124"}],"wp:attachment":[{"href":"https:\/\/inellib2b.com\/sv\/wp-json\/wp\/v2\/media?parent=247"}],"wp:term":[{"taxonomy":"product_brand","embeddable":true,"href":"https:\/\/inellib2b.com\/sv\/wp-json\/wp\/v2\/product_brand?post=247"},{"taxonomy":"product_cat","embeddable":true,"href":"https:\/\/inellib2b.com\/sv\/wp-json\/wp\/v2\/product_cat?post=247"},{"taxonomy":"product_tag","embeddable":true,"href":"https:\/\/inellib2b.com\/sv\/wp-json\/wp\/v2\/product_tag?post=247"}],"curies":[{"name":"wp","href":"https:\/\/api.w.org\/{rel}","templated":true}]}}