{"id":340,"date":"2026-03-17T15:36:07","date_gmt":"2026-03-17T13:36:07","guid":{"rendered":"https:\/\/inellib2b.com\/?post_type=product&#038;p=340"},"modified":"2026-04-14T16:22:16","modified_gmt":"2026-04-14T13:22:16","slug":"slide-sheet-105x125-cm-xl-with-wings","status":"publish","type":"product","link":"https:\/\/inellib2b.com\/sv\/produkt\/slide-sheet-105x125-cm-xl-with-wings\/","title":{"rendered":"V\u00e4ndlakan 105x125 cm med vingar"},"content":{"rendered":"","protected":false},"excerpt":{"rendered":"<p>V\u00e4ndlakan 105\u00d7125 cm med vingar. Tv\u00e4ttbart och absorberande v\u00e4ndlakan med sp\u00e4nnen och vingar. Underdel med satin.<\/p>\n<ul>\n<li>F\u00f6rst\u00e4rkta handtag<\/li>\n<li>Vingar p\u00e5 sidorna<\/li>\n<li>Glidande underdel f\u00f6r att hj\u00e4lpa patienten v\u00e4nda, lyfta, flytta, s\u00e4tta sig<\/li>\n<li>vattent\u00e4t och absorberande ovansida<\/li>\n<li>Tv\u00e4ttbart 60 grader<\/li>\n<li>Anv\u00e4nd inte avh\u00e4rdningsmedel<\/li>\n<li>B\u00e4rkraft 260 kg<\/li>\n<\/ul>","protected":false},"featured_media":106,"comment_status":"closed","ping_status":"closed","template":"","meta":{"_acf_changed":false},"product_brand":[],"product_cat":[68],"product_tag":[],"class_list":{"0":"post-340","1":"product","2":"type-product","3":"status-publish","4":"has-post-thumbnail","6":"product_cat-slide-sheets","8":"first","9":"instock","10":"taxable","11":"shipping-taxable","12":"product-type-simple"},"acf":[],"_links":{"self":[{"href":"https:\/\/inellib2b.com\/sv\/wp-json\/wp\/v2\/product\/340","targetHints":{"allow":["GET"]}}],"collection":[{"href":"https:\/\/inellib2b.com\/sv\/wp-json\/wp\/v2\/product"}],"about":[{"href":"https:\/\/inellib2b.com\/sv\/wp-json\/wp\/v2\/types\/product"}],"replies":[{"embeddable":true,"href":"https:\/\/inellib2b.com\/sv\/wp-json\/wp\/v2\/comments?post=340"}],"wp:featuredmedia":[{"embeddable":true,"href":"https:\/\/inellib2b.com\/sv\/wp-json\/wp\/v2\/media\/106"}],"wp:attachment":[{"href":"https:\/\/inellib2b.com\/sv\/wp-json\/wp\/v2\/media?parent=340"}],"wp:term":[{"taxonomy":"product_brand","embeddable":true,"href":"https:\/\/inellib2b.com\/sv\/wp-json\/wp\/v2\/product_brand?post=340"},{"taxonomy":"product_cat","embeddable":true,"href":"https:\/\/inellib2b.com\/sv\/wp-json\/wp\/v2\/product_cat?post=340"},{"taxonomy":"product_tag","embeddable":true,"href":"https:\/\/inellib2b.com\/sv\/wp-json\/wp\/v2\/product_tag?post=340"}],"curies":[{"name":"wp","href":"https:\/\/api.w.org\/{rel}","templated":true}]}}